{"id":2,"date":"2015-03-19T17:58:30","date_gmt":"2015-03-19T17:58:30","guid":{"rendered":"http:\/\/fitness3.mythemecloud.io\/\/?page_id=2"},"modified":"2024-12-04T18:43:36","modified_gmt":"2024-12-04T18:43:36","slug":"xovem-altamura-ristorante-pub-birreria-bar-caffetteria-gelateria","status":"publish","type":"page","link":"https:\/\/xovem.it\/","title":{"rendered":"Home"},"content":{"rendered":"\t\t<div data-elementor-type=\"wp-post\" data-elementor-id=\"2\" class=\"elementor elementor-2\">\n\t\t\t\t\t\t<section class=\"elementor-section elementor-top-section elementor-element elementor-element-wjtnaha elementor-section-height-full elementor-section-boxed elementor-section-height-default elementor-section-items-middle\" data-id=\"wjtnaha\" data-element_type=\"section\" data-settings=\"{&quot;background_background&quot;:&quot;classic&quot;}\">\n\t\t\t\t\t\t\t<div class=\"elementor-background-overlay\"><\/div>\n\t\t\t\t\t\t\t<div class=\"elementor-container elementor-column-gap-default\">\n\t\t\t\t\t<div class=\"elementor-column elementor-col-100 elementor-top-column elementor-element elementor-element-rrzpsbl\" data-id=\"rrzpsbl\" data-element_type=\"column\">\n\t\t\t<div class=\"elementor-widget-wrap elementor-element-populated\">\n\t\t\t\t\t\t<div class=\"elementor-element elementor-element-b8f152c elementor-widget elementor-widget-image\" data-id=\"b8f152c\" data-element_type=\"widget\" data-widget_type=\"image.default\">\n\t\t\t\t<div class=\"elementor-widget-container\">\n\t\t\t<style>\/*! elementor - v3.21.0 - 08-05-2024 *\/\n.elementor-widget-image{text-align:center}.elementor-widget-image a{display:inline-block}.elementor-widget-image a img[src$=\".svg\"]{width:48px}.elementor-widget-image img{vertical-align:middle;display:inline-block}<\/style>\t\t\t\t\t\t\t\t\t\t<img fetchpriority=\"high\" decoding=\"async\" width=\"1024\" height=\"194\" src=\"https:\/\/xovem.it\/wp-content\/uploads\/2023\/06\/cropped-Xovem-Logo-1024x194.png\" class=\"attachment-large size-large wp-image-386\" alt=\"\" srcset=\"https:\/\/xovem.it\/wp-content\/uploads\/2023\/06\/cropped-Xovem-Logo-1024x194.png 1024w, https:\/\/xovem.it\/wp-content\/uploads\/2023\/06\/cropped-Xovem-Logo-300x57.png 300w, https:\/\/xovem.it\/wp-content\/uploads\/2023\/06\/cropped-Xovem-Logo-768x146.png 768w, https:\/\/xovem.it\/wp-content\/uploads\/2023\/06\/cropped-Xovem-Logo-1536x291.png 1536w, https:\/\/xovem.it\/wp-content\/uploads\/2023\/06\/cropped-Xovem-Logo.png 1920w\" sizes=\"(max-width: 1024px) 100vw, 1024px\" \/>\t\t\t\t\t\t\t\t\t\t\t\t\t<\/div>\n\t\t\t\t<\/div>\n\t\t\t\t<div class=\"elementor-element elementor-element-uyvuxnj elementor-align-center elementor-widget elementor-widget-button\" data-id=\"uyvuxnj\" data-element_type=\"widget\" data-widget_type=\"button.default\">\n\t\t\t\t<div class=\"elementor-widget-container\">\n\t\t\t\t\t<div class=\"elementor-button-wrapper\">\n\t\t\t<a class=\"elementor-button elementor-button-link elementor-size-sm\" href=\"https:\/\/webapp.alvolo.app\/h000011295\" target=\"_blank\">\n\t\t\t\t\t\t<span class=\"elementor-button-content-wrapper\">\n\t\t\t\t\t\t\t\t\t<span class=\"elementor-button-text\">VISIONA IL MEN\u00d9<\/span>\n\t\t\t\t\t<\/span>\n\t\t\t\t\t<\/a>\n\t\t<\/div>\n\t\t\t\t<\/div>\n\t\t\t\t<\/div>\n\t\t\t\t\t<\/div>\n\t\t<\/div>\n\t\t\t\t\t<\/div>\n\t\t<\/section>\n\t\t\t\t<section class=\"elementor-section elementor-top-section elementor-element elementor-element-sqangtw elementor-section-boxed elementor-section-height-default elementor-section-height-default\" data-id=\"sqangtw\" data-element_type=\"section\" id=\"goal\" data-settings=\"{&quot;background_background&quot;:&quot;classic&quot;}\">\n\t\t\t\t\t\t<div class=\"elementor-container elementor-column-gap-no\">\n\t\t\t\t\t<div class=\"elementor-column elementor-col-100 elementor-top-column elementor-element elementor-element-oezwtbv\" data-id=\"oezwtbv\" data-element_type=\"column\">\n\t\t\t<div class=\"elementor-widget-wrap elementor-element-populated\">\n\t\t\t\t\t\t<div class=\"elementor-element elementor-element-zreakih elementor-widget elementor-widget-heading\" data-id=\"zreakih\" data-element_type=\"widget\" data-widget_type=\"heading.default\">\n\t\t\t\t<div class=\"elementor-widget-container\">\n\t\t\t<style>\/*! elementor - v3.21.0 - 08-05-2024 *\/\n.elementor-heading-title{padding:0;margin:0;line-height:1}.elementor-widget-heading .elementor-heading-title[class*=elementor-size-]>a{color:inherit;font-size:inherit;line-height:inherit}.elementor-widget-heading .elementor-heading-title.elementor-size-small{font-size:15px}.elementor-widget-heading .elementor-heading-title.elementor-size-medium{font-size:19px}.elementor-widget-heading .elementor-heading-title.elementor-size-large{font-size:29px}.elementor-widget-heading .elementor-heading-title.elementor-size-xl{font-size:39px}.elementor-widget-heading .elementor-heading-title.elementor-size-xxl{font-size:59px}<\/style><h2 class=\"elementor-heading-title elementor-size-xl\">QUALCOSA DI NUOVO IN CITT\u00e0<\/h2>\t\t<\/div>\n\t\t\t\t<\/div>\n\t\t\t\t<div class=\"elementor-element elementor-element-rveaekp elementor-widget elementor-widget-text-editor\" data-id=\"rveaekp\" data-element_type=\"widget\" data-widget_type=\"text-editor.default\">\n\t\t\t\t<div class=\"elementor-widget-container\">\n\t\t\t<style>\/*! elementor - v3.21.0 - 08-05-2024 *\/\n.elementor-widget-text-editor.elementor-drop-cap-view-stacked .elementor-drop-cap{background-color:#69727d;color:#fff}.elementor-widget-text-editor.elementor-drop-cap-view-framed .elementor-drop-cap{color:#69727d;border:3px solid;background-color:transparent}.elementor-widget-text-editor:not(.elementor-drop-cap-view-default) .elementor-drop-cap{margin-top:8px}.elementor-widget-text-editor:not(.elementor-drop-cap-view-default) .elementor-drop-cap-letter{width:1em;height:1em}.elementor-widget-text-editor .elementor-drop-cap{float:left;text-align:center;line-height:1;font-size:50px}.elementor-widget-text-editor .elementor-drop-cap-letter{display:inline-block}<\/style>\t\t\t\t<p style=\"text-align: center;\">Una splendida location nella maglifica cornice di Corso Federico II di Svevia ad Altamura <br \/>vi accoglier\u00e0 con una proposta innovativa adatta ad ogni esigenza: dal cibo ai drink, dalla caffettereria alla degustazione di vini<\/p>\t\t\t\t\t\t<\/div>\n\t\t\t\t<\/div>\n\t\t\t\t<section class=\"elementor-section elementor-inner-section elementor-element elementor-element-armyymx elementor-section-content-middle elementor-section-boxed elementor-section-height-default elementor-section-height-default\" data-id=\"armyymx\" data-element_type=\"section\">\n\t\t\t\t\t\t<div class=\"elementor-container elementor-column-gap-no\">\n\t\t\t\t\t<div class=\"elementor-column elementor-col-33 elementor-inner-column elementor-element elementor-element-xtwmqsa elementor-hidden-mobile\" data-id=\"xtwmqsa\" data-element_type=\"column\">\n\t\t\t<div class=\"elementor-widget-wrap elementor-element-populated\">\n\t\t\t\t\t\t<div class=\"elementor-element elementor-element-l0g9j5b elementor-widget elementor-widget-heading\" data-id=\"l0g9j5b\" data-element_type=\"widget\" data-widget_type=\"heading.default\">\n\t\t\t\t<div class=\"elementor-widget-container\">\n\t\t\t<h3 class=\"elementor-heading-title elementor-size-default\">CAFE<\/h3>\t\t<\/div>\n\t\t\t\t<\/div>\n\t\t\t\t\t<\/div>\n\t\t<\/div>\n\t\t\t\t<div class=\"elementor-column elementor-col-33 elementor-inner-column elementor-element elementor-element-afxlsih elementor-hidden-mobile\" data-id=\"afxlsih\" data-element_type=\"column\">\n\t\t\t<div class=\"elementor-widget-wrap elementor-element-populated\">\n\t\t\t\t\t\t<div class=\"elementor-element elementor-element-cq9pgyu elementor-widget elementor-widget-heading\" data-id=\"cq9pgyu\" data-element_type=\"widget\" data-widget_type=\"heading.default\">\n\t\t\t\t<div class=\"elementor-widget-container\">\n\t\t\t<h3 class=\"elementor-heading-title elementor-size-default\">DRINK<\/h3>\t\t<\/div>\n\t\t\t\t<\/div>\n\t\t\t\t\t<\/div>\n\t\t<\/div>\n\t\t\t\t<div class=\"elementor-column elementor-col-33 elementor-inner-column elementor-element elementor-element-sovparr\" data-id=\"sovparr\" data-element_type=\"column\">\n\t\t\t<div class=\"elementor-widget-wrap elementor-element-populated\">\n\t\t\t\t\t\t<div class=\"elementor-element elementor-element-we7q2pp elementor-hidden-mobile elementor-widget elementor-widget-heading\" data-id=\"we7q2pp\" data-element_type=\"widget\" data-widget_type=\"heading.default\">\n\t\t\t\t<div class=\"elementor-widget-container\">\n\t\t\t<h3 class=\"elementor-heading-title elementor-size-default\">FOOD<\/h3>\t\t<\/div>\n\t\t\t\t<\/div>\n\t\t\t\t\t<\/div>\n\t\t<\/div>\n\t\t\t\t\t<\/div>\n\t\t<\/section>\n\t\t\t\t\t<\/div>\n\t\t<\/div>\n\t\t\t\t\t<\/div>\n\t\t<\/section>\n\t\t\t\t<section class=\"elementor-section elementor-top-section elementor-element elementor-element-bqevfph elementor-section-boxed elementor-section-height-default elementor-section-height-default\" data-id=\"bqevfph\" data-element_type=\"section\" id=\"contact\">\n\t\t\t\t\t\t<div class=\"elementor-container elementor-column-gap-default\">\n\t\t\t\t\t<div class=\"elementor-column elementor-col-100 elementor-top-column elementor-element elementor-element-loqiwbf\" data-id=\"loqiwbf\" data-element_type=\"column\">\n\t\t\t<div class=\"elementor-widget-wrap elementor-element-populated\">\n\t\t\t\t\t\t<div class=\"elementor-element elementor-element-fnzssgz elementor-widget elementor-widget-heading\" data-id=\"fnzssgz\" data-element_type=\"widget\" data-widget_type=\"heading.default\">\n\t\t\t\t<div class=\"elementor-widget-container\">\n\t\t\t<h2 class=\"elementor-heading-title elementor-size-xl\">CONTATTI<\/h2>\t\t<\/div>\n\t\t\t\t<\/div>\n\t\t\t\t<section class=\"elementor-section elementor-inner-section elementor-element elementor-element-ymsodvz elementor-section-boxed elementor-section-height-default elementor-section-height-default\" data-id=\"ymsodvz\" data-element_type=\"section\">\n\t\t\t\t\t\t<div class=\"elementor-container elementor-column-gap-no\">\n\t\t\t\t\t<div class=\"elementor-column elementor-col-50 elementor-inner-column elementor-element elementor-element-wkwivet\" data-id=\"wkwivet\" data-element_type=\"column\">\n\t\t\t<div class=\"elementor-widget-wrap elementor-element-populated\">\n\t\t\t\t\t\t<div class=\"elementor-element elementor-element-491141b elementor-widget elementor-widget-google_maps\" data-id=\"491141b\" data-element_type=\"widget\" data-widget_type=\"google_maps.default\">\n\t\t\t\t<div class=\"elementor-widget-container\">\n\t\t\t<style>\/*! elementor - v3.21.0 - 08-05-2024 *\/\n.elementor-widget-google_maps .elementor-widget-container{overflow:hidden}.elementor-widget-google_maps .elementor-custom-embed{line-height:0}.elementor-widget-google_maps iframe{height:300px}<\/style>\t\t<div class=\"elementor-custom-embed\">\n\t\t\t<iframe loading=\"lazy\"\n\t\t\t\t\tsrc=\"https:\/\/maps.google.com\/maps?q=xovem%20altamura&#038;t=m&#038;z=18&#038;output=embed&#038;iwloc=near\"\n\t\t\t\t\ttitle=\"xovem altamura\"\n\t\t\t\t\taria-label=\"xovem altamura\"\n\t\t\t><\/iframe>\n\t\t<\/div>\n\t\t\t\t<\/div>\n\t\t\t\t<\/div>\n\t\t\t\t\t<\/div>\n\t\t<\/div>\n\t\t\t\t<div class=\"elementor-column elementor-col-50 elementor-inner-column elementor-element elementor-element-koenvsq\" data-id=\"koenvsq\" data-element_type=\"column\">\n\t\t\t<div class=\"elementor-widget-wrap elementor-element-populated\">\n\t\t\t\t\t\t<div class=\"elementor-element elementor-element-diupbml elementor-view-default elementor-position-top elementor-mobile-position-top elementor-widget elementor-widget-icon-box\" data-id=\"diupbml\" data-element_type=\"widget\" data-widget_type=\"icon-box.default\">\n\t\t\t\t<div class=\"elementor-widget-container\">\n\t\t\t<link rel=\"stylesheet\" href=\"https:\/\/xovem.it\/wp-content\/plugins\/elementor\/assets\/css\/widget-icon-box.min.css\">\t\t<div class=\"elementor-icon-box-wrapper\">\n\n\t\t\t\t\t\t<div class=\"elementor-icon-box-icon\">\n\t\t\t\t<span  class=\"elementor-icon elementor-animation-\">\n\t\t\t\t<i aria-hidden=\"true\" class=\"fas fa-map-marker-alt\"><\/i>\t\t\t\t<\/span>\n\t\t\t<\/div>\n\t\t\t\n\t\t\t\t\t\t<div class=\"elementor-icon-box-content\">\n\n\t\t\t\t\n\t\t\t\t\t\t\t\t\t<p class=\"elementor-icon-box-description\">\n\t\t\t\t\t\tCorso Federico II, 76<br>\n70022 Altamura (BA)\t\t\t\t\t<\/p>\n\t\t\t\t\n\t\t\t<\/div>\n\t\t\t\n\t\t<\/div>\n\t\t\t\t<\/div>\n\t\t\t\t<\/div>\n\t\t\t\t<div class=\"elementor-element elementor-element-penkhez elementor-view-default elementor-position-top elementor-mobile-position-top elementor-widget elementor-widget-icon-box\" data-id=\"penkhez\" data-element_type=\"widget\" data-widget_type=\"icon-box.default\">\n\t\t\t\t<div class=\"elementor-widget-container\">\n\t\t\t\t\t<div class=\"elementor-icon-box-wrapper\">\n\n\t\t\t\t\t\t<div class=\"elementor-icon-box-icon\">\n\t\t\t\t<span  class=\"elementor-icon elementor-animation-\">\n\t\t\t\t<i aria-hidden=\"true\" class=\"fas fa-phone\"><\/i>\t\t\t\t<\/span>\n\t\t\t<\/div>\n\t\t\t\n\t\t\t\t\t\t<div class=\"elementor-icon-box-content\">\n\n\t\t\t\t\n\t\t\t\t\t\t\t\t\t<p class=\"elementor-icon-box-description\">\n\t\t\t\t\t\t+39 080\u00a0320 0954\t\t\t\t\t<\/p>\n\t\t\t\t\n\t\t\t<\/div>\n\t\t\t\n\t\t<\/div>\n\t\t\t\t<\/div>\n\t\t\t\t<\/div>\n\t\t\t\t<div class=\"elementor-element elementor-element-hpuqndj elementor-view-default elementor-position-top elementor-mobile-position-top elementor-widget elementor-widget-icon-box\" data-id=\"hpuqndj\" data-element_type=\"widget\" data-widget_type=\"icon-box.default\">\n\t\t\t\t<div class=\"elementor-widget-container\">\n\t\t\t\t\t<div class=\"elementor-icon-box-wrapper\">\n\n\t\t\t\t\t\t<div class=\"elementor-icon-box-icon\">\n\t\t\t\t<span  class=\"elementor-icon elementor-animation-\">\n\t\t\t\t<i aria-hidden=\"true\" class=\"fas fa-envelope\"><\/i>\t\t\t\t<\/span>\n\t\t\t<\/div>\n\t\t\t\n\t\t\t\t\t\t<div class=\"elementor-icon-box-content\">\n\n\t\t\t\t\n\t\t\t\t\t\t\t\t\t<p class=\"elementor-icon-box-description\">\n\t\t\t\t\t\txovem@outlook.it\t\t\t\t\t<\/p>\n\t\t\t\t\n\t\t\t<\/div>\n\t\t\t\n\t\t<\/div>\n\t\t\t\t<\/div>\n\t\t\t\t<\/div>\n\t\t\t\t\t<\/div>\n\t\t<\/div>\n\t\t\t\t\t<\/div>\n\t\t<\/section>\n\t\t\t\t\t<\/div>\n\t\t<\/div>\n\t\t\t\t\t<\/div>\n\t\t<\/section>\n\t\t\t\t<section class=\"elementor-section elementor-top-section elementor-element elementor-element-2c2048f elementor-section-boxed elementor-section-height-default elementor-section-height-default\" data-id=\"2c2048f\" data-element_type=\"section\">\n\t\t\t\t\t\t<div class=\"elementor-container elementor-column-gap-default\">\n\t\t\t\t\t<div class=\"elementor-column elementor-col-100 elementor-top-column elementor-element elementor-element-89f0284\" data-id=\"89f0284\" data-element_type=\"column\">\n\t\t\t<div class=\"elementor-widget-wrap elementor-element-populated\">\n\t\t\t\t\t\t<div class=\"elementor-element elementor-element-2411e00 elementor-widget elementor-widget-button\" data-id=\"2411e00\" data-element_type=\"widget\" data-widget_type=\"button.default\">\n\t\t\t\t<div class=\"elementor-widget-container\">\n\t\t\t\t\t<div class=\"elementor-button-wrapper\">\n\t\t\t<a class=\"elementor-button elementor-button-link elementor-size-sm\" href=\"#\">\n\t\t\t\t\t\t<span class=\"elementor-button-content-wrapper\">\n\t\t\t\t\t\t\t\t\t<span class=\"elementor-button-text\">Fai clic qui<\/span>\n\t\t\t\t\t<\/span>\n\t\t\t\t\t<\/a>\n\t\t<\/div>\n\t\t\t\t<\/div>\n\t\t\t\t<\/div>\n\t\t\t\t\t<\/div>\n\t\t<\/div>\n\t\t\t\t\t<\/div>\n\t\t<\/section>\n\t\t\t\t<\/div>\n\t\t","protected":false},"excerpt":{"rendered":"<p>VISIONA IL MEN\u00d9 QUALCOSA DI NUOVO IN CITT\u00e0 Una splendida location nella maglifica cornice di Corso Federico II di Svevia ad Altamura vi accoglier\u00e0 con una proposta innovativa adatta ad ogni esigenza: dal cibo ai drink, dalla caffettereria alla degustazione di vini CAFE DRINK FOOD CONTATTI Corso Federico II, 76 70022 Altamura (BA) +39 080\u00a0320 [&hellip;]<\/p>\n","protected":false},"author":1,"featured_media":0,"parent":0,"menu_order":0,"comment_status":"closed","ping_status":"open","template":"","meta":{"ocean_post_layout":"full-screen","ocean_both_sidebars_style":"","ocean_both_sidebars_content_width":0,"ocean_both_sidebars_sidebars_width":0,"ocean_sidebar":"0","ocean_second_sidebar":"0","ocean_disable_margins":"on","ocean_add_body_class":"","ocean_shortcode_before_top_bar":"","ocean_shortcode_after_top_bar":"","ocean_shortcode_before_header":"","ocean_shortcode_after_header":"","ocean_has_shortcode":"","ocean_shortcode_after_title":"","ocean_shortcode_before_footer_widgets":"","ocean_shortcode_after_footer_widgets":"","ocean_shortcode_before_footer_bottom":"","ocean_shortcode_after_footer_bottom":"","ocean_display_top_bar":"default","ocean_display_header":"default","ocean_header_style":"","ocean_center_header_left_menu":"0","ocean_custom_header_template":"0","ocean_custom_logo":0,"ocean_custom_retina_logo":0,"ocean_custom_logo_max_width":0,"ocean_custom_logo_tablet_max_width":0,"ocean_custom_logo_mobile_max_width":0,"ocean_custom_logo_max_height":0,"ocean_custom_logo_tablet_max_height":0,"ocean_custom_logo_mobile_max_height":0,"ocean_header_custom_menu":"0","ocean_menu_typo_font_family":"0","ocean_menu_typo_font_subset":"","ocean_menu_typo_font_size":0,"ocean_menu_typo_font_size_tablet":0,"ocean_menu_typo_font_size_mobile":0,"ocean_menu_typo_font_size_unit":"px","ocean_menu_typo_font_weight":"","ocean_menu_typo_font_weight_tablet":"","ocean_menu_typo_font_weight_mobile":"","ocean_menu_typo_transform":"","ocean_menu_typo_transform_tablet":"","ocean_menu_typo_transform_mobile":"","ocean_menu_typo_line_height":0,"ocean_menu_typo_line_height_tablet":0,"ocean_menu_typo_line_height_mobile":0,"ocean_menu_typo_line_height_unit":"","ocean_menu_typo_spacing":0,"ocean_menu_typo_spacing_tablet":0,"ocean_menu_typo_spacing_mobile":0,"ocean_menu_typo_spacing_unit":"","ocean_menu_link_color":"","ocean_menu_link_color_hover":"","ocean_menu_link_color_active":"","ocean_menu_link_background":"","ocean_menu_link_hover_background":"","ocean_menu_link_active_background":"","ocean_menu_social_links_bg":"","ocean_menu_social_hover_links_bg":"","ocean_menu_social_links_color":"","ocean_menu_social_hover_links_color":"","ocean_disable_title":"on","ocean_disable_heading":"default","ocean_post_title":"","ocean_post_subheading":"","ocean_post_title_style":"","ocean_post_title_background_color":"","ocean_post_title_background":0,"ocean_post_title_bg_image_position":"","ocean_post_title_bg_image_attachment":"","ocean_post_title_bg_image_repeat":"","ocean_post_title_bg_image_size":"","ocean_post_title_height":0,"ocean_post_title_bg_overlay":0.5,"ocean_post_title_bg_overlay_color":"","ocean_disable_breadcrumbs":"default","ocean_breadcrumbs_color":"","ocean_breadcrumbs_separator_color":"","ocean_breadcrumbs_links_color":"","ocean_breadcrumbs_links_hover_color":"","ocean_display_footer_widgets":"default","ocean_display_footer_bottom":"default","ocean_custom_footer_template":"0","footnotes":""},"class_list":["post-2","page","type-page","status-publish","hentry","entry"],"yoast_head":"<!-- This site is optimized with the Yoast SEO plugin v22.7 - https:\/\/yoast.com\/wordpress\/plugins\/seo\/ -->\n<title>X-OVEM - Home<\/title>\n<meta name=\"description\" content=\"Xovem ristorante pub birreria bar caffetteria gelateria Altamura centro storico braceria cena caff\u00e8 Federicus Federico II di Svevia\" \/>\n<meta name=\"robots\" content=\"noindex, follow, max-snippet:-1, max-image-preview:large, max-video-preview:-1\" \/>\n<meta property=\"og:locale\" content=\"it_IT\" \/>\n<meta property=\"og:type\" content=\"article\" \/>\n<meta property=\"og:title\" content=\"X-OVEM - Home\" \/>\n<meta property=\"og:description\" content=\"Xovem ristorante pub birreria bar caffetteria gelateria Altamura centro storico braceria cena caff\u00e8 Federicus Federico II di Svevia\" \/>\n<meta property=\"og:url\" content=\"https:\/\/xovem.it\/\" \/>\n<meta property=\"og:site_name\" content=\"X-OVEM\" \/>\n<meta property=\"article:modified_time\" content=\"2024-12-04T18:43:36+00:00\" \/>\n<meta property=\"og:image\" content=\"https:\/\/xovem.it\/wp-content\/uploads\/2023\/06\/cropped-Xovem-Logo-1024x194.png\" \/>\n<meta name=\"twitter:card\" content=\"summary_large_image\" \/>\n<meta name=\"twitter:label1\" content=\"Tempo di lettura stimato\" \/>\n\t<meta name=\"twitter:data1\" content=\"1 minuto\" \/>\n<script type=\"application\/ld+json\" class=\"yoast-schema-graph\">{\"@context\":\"https:\/\/schema.org\",\"@graph\":[{\"@type\":\"WebPage\",\"@id\":\"https:\/\/xovem.it\/\",\"url\":\"https:\/\/xovem.it\/\",\"name\":\"X-OVEM - Home\",\"isPartOf\":{\"@id\":\"https:\/\/xovem.it\/#website\"},\"primaryImageOfPage\":{\"@id\":\"https:\/\/xovem.it\/#primaryimage\"},\"image\":{\"@id\":\"https:\/\/xovem.it\/#primaryimage\"},\"thumbnailUrl\":\"https:\/\/xovem.it\/wp-content\/uploads\/2023\/06\/cropped-Xovem-Logo-1024x194.png\",\"datePublished\":\"2015-03-19T17:58:30+00:00\",\"dateModified\":\"2024-12-04T18:43:36+00:00\",\"description\":\"Xovem ristorante pub birreria bar caffetteria gelateria Altamura centro storico braceria cena caff\u00e8 Federicus Federico II di Svevia\",\"breadcrumb\":{\"@id\":\"https:\/\/xovem.it\/#breadcrumb\"},\"inLanguage\":\"it-IT\",\"potentialAction\":[{\"@type\":\"ReadAction\",\"target\":[\"https:\/\/xovem.it\/\"]}]},{\"@type\":\"ImageObject\",\"inLanguage\":\"it-IT\",\"@id\":\"https:\/\/xovem.it\/#primaryimage\",\"url\":\"https:\/\/xovem.it\/wp-content\/uploads\/2023\/06\/cropped-Xovem-Logo.png\",\"contentUrl\":\"https:\/\/xovem.it\/wp-content\/uploads\/2023\/06\/cropped-Xovem-Logo.png\",\"width\":1920,\"height\":364},{\"@type\":\"BreadcrumbList\",\"@id\":\"https:\/\/xovem.it\/#breadcrumb\",\"itemListElement\":[{\"@type\":\"ListItem\",\"position\":1,\"name\":\"Home\",\"item\":\"https:\/\/xovem.it\/\"},{\"@type\":\"ListItem\",\"position\":2,\"name\":\"Home\"}]},{\"@type\":\"WebSite\",\"@id\":\"https:\/\/xovem.it\/#website\",\"url\":\"https:\/\/xovem.it\/\",\"name\":\"X-OVEM\",\"description\":\"\",\"publisher\":{\"@id\":\"https:\/\/xovem.it\/#organization\"},\"potentialAction\":[{\"@type\":\"SearchAction\",\"target\":{\"@type\":\"EntryPoint\",\"urlTemplate\":\"https:\/\/xovem.it\/?s={search_term_string}\"},\"query-input\":\"required name=search_term_string\"}],\"inLanguage\":\"it-IT\"},{\"@type\":\"Organization\",\"@id\":\"https:\/\/xovem.it\/#organization\",\"name\":\"X-OVEM\",\"url\":\"https:\/\/xovem.it\/\",\"logo\":{\"@type\":\"ImageObject\",\"inLanguage\":\"it-IT\",\"@id\":\"https:\/\/xovem.it\/#\/schema\/logo\/image\/\",\"url\":\"https:\/\/xovem.it\/wp-content\/uploads\/2023\/06\/cropped-XOvem-LogoTondo.png\",\"contentUrl\":\"https:\/\/xovem.it\/wp-content\/uploads\/2023\/06\/cropped-XOvem-LogoTondo.png\",\"width\":1920,\"height\":1920,\"caption\":\"X-OVEM\"},\"image\":{\"@id\":\"https:\/\/xovem.it\/#\/schema\/logo\/image\/\"}}]}<\/script>\n<!-- \/ Yoast SEO plugin. -->","yoast_head_json":{"title":"X-OVEM - Home","description":"Xovem ristorante pub birreria bar caffetteria gelateria Altamura centro storico braceria cena caff\u00e8 Federicus Federico II di Svevia","robots":{"index":"noindex","follow":"follow","max-snippet":"max-snippet:-1","max-image-preview":"max-image-preview:large","max-video-preview":"max-video-preview:-1"},"og_locale":"it_IT","og_type":"article","og_title":"X-OVEM - Home","og_description":"Xovem ristorante pub birreria bar caffetteria gelateria Altamura centro storico braceria cena caff\u00e8 Federicus Federico II di Svevia","og_url":"https:\/\/xovem.it\/","og_site_name":"X-OVEM","article_modified_time":"2024-12-04T18:43:36+00:00","og_image":[{"url":"https:\/\/xovem.it\/wp-content\/uploads\/2023\/06\/cropped-Xovem-Logo-1024x194.png"}],"twitter_card":"summary_large_image","twitter_misc":{"Tempo di lettura stimato":"1 minuto"},"schema":{"@context":"https:\/\/schema.org","@graph":[{"@type":"WebPage","@id":"https:\/\/xovem.it\/","url":"https:\/\/xovem.it\/","name":"X-OVEM - Home","isPartOf":{"@id":"https:\/\/xovem.it\/#website"},"primaryImageOfPage":{"@id":"https:\/\/xovem.it\/#primaryimage"},"image":{"@id":"https:\/\/xovem.it\/#primaryimage"},"thumbnailUrl":"https:\/\/xovem.it\/wp-content\/uploads\/2023\/06\/cropped-Xovem-Logo-1024x194.png","datePublished":"2015-03-19T17:58:30+00:00","dateModified":"2024-12-04T18:43:36+00:00","description":"Xovem ristorante pub birreria bar caffetteria gelateria Altamura centro storico braceria cena caff\u00e8 Federicus Federico II di Svevia","breadcrumb":{"@id":"https:\/\/xovem.it\/#breadcrumb"},"inLanguage":"it-IT","potentialAction":[{"@type":"ReadAction","target":["https:\/\/xovem.it\/"]}]},{"@type":"ImageObject","inLanguage":"it-IT","@id":"https:\/\/xovem.it\/#primaryimage","url":"https:\/\/xovem.it\/wp-content\/uploads\/2023\/06\/cropped-Xovem-Logo.png","contentUrl":"https:\/\/xovem.it\/wp-content\/uploads\/2023\/06\/cropped-Xovem-Logo.png","width":1920,"height":364},{"@type":"BreadcrumbList","@id":"https:\/\/xovem.it\/#breadcrumb","itemListElement":[{"@type":"ListItem","position":1,"name":"Home","item":"https:\/\/xovem.it\/"},{"@type":"ListItem","position":2,"name":"Home"}]},{"@type":"WebSite","@id":"https:\/\/xovem.it\/#website","url":"https:\/\/xovem.it\/","name":"X-OVEM","description":"","publisher":{"@id":"https:\/\/xovem.it\/#organization"},"potentialAction":[{"@type":"SearchAction","target":{"@type":"EntryPoint","urlTemplate":"https:\/\/xovem.it\/?s={search_term_string}"},"query-input":"required name=search_term_string"}],"inLanguage":"it-IT"},{"@type":"Organization","@id":"https:\/\/xovem.it\/#organization","name":"X-OVEM","url":"https:\/\/xovem.it\/","logo":{"@type":"ImageObject","inLanguage":"it-IT","@id":"https:\/\/xovem.it\/#\/schema\/logo\/image\/","url":"https:\/\/xovem.it\/wp-content\/uploads\/2023\/06\/cropped-XOvem-LogoTondo.png","contentUrl":"https:\/\/xovem.it\/wp-content\/uploads\/2023\/06\/cropped-XOvem-LogoTondo.png","width":1920,"height":1920,"caption":"X-OVEM"},"image":{"@id":"https:\/\/xovem.it\/#\/schema\/logo\/image\/"}}]}},"_links":{"self":[{"href":"https:\/\/xovem.it\/index.php\/wp-json\/wp\/v2\/pages\/2","targetHints":{"allow":["GET"]}}],"collection":[{"href":"https:\/\/xovem.it\/index.php\/wp-json\/wp\/v2\/pages"}],"about":[{"href":"https:\/\/xovem.it\/index.php\/wp-json\/wp\/v2\/types\/page"}],"author":[{"embeddable":true,"href":"https:\/\/xovem.it\/index.php\/wp-json\/wp\/v2\/users\/1"}],"replies":[{"embeddable":true,"href":"https:\/\/xovem.it\/index.php\/wp-json\/wp\/v2\/comments?post=2"}],"version-history":[{"count":43,"href":"https:\/\/xovem.it\/index.php\/wp-json\/wp\/v2\/pages\/2\/revisions"}],"predecessor-version":[{"id":469,"href":"https:\/\/xovem.it\/index.php\/wp-json\/wp\/v2\/pages\/2\/revisions\/469"}],"wp:attachment":[{"href":"https:\/\/xovem.it\/index.php\/wp-json\/wp\/v2\/media?parent=2"}],"curies":[{"name":"wp","href":"https:\/\/api.w.org\/{rel}","templated":true}]}}